{"id":313,"date":"2017-02-27T09:32:31","date_gmt":"2017-02-27T09:32:31","guid":{"rendered":"http:\/\/demo.acmethemes.com\/education-base-pro\/?page_id=313"},"modified":"2017-02-27T09:32:31","modified_gmt":"2017-02-27T09:32:31","slug":"parents-satisfaction","status":"publish","type":"page","link":"https:\/\/clintonanddolton.org\/dolton\/parents-satisfaction\/","title":{"rendered":"Parents Satisfaction"},"content":{"rendered":"<p>Ndryshe nga mendimi popullor, Lorem Ipsum nuk \u00ebsht\u00eb tekst \u00e7far\u00ebdo. Rr\u00ebnj\u00ebt i ka n\u00eb nj\u00eb pjes\u00eb t\u00eb let\u00ebrsis\u00eb klasike Latine t\u00eb viteve 45 BC, duke e b\u00ebr\u00eb m\u00eb shum\u00eb se 2000 vjet t\u00eb lasht\u00eb. Richard McClintock, nj\u00eb profesor Latin ne Hampden-Sydney College n\u00eb Virginia, k\u00ebrkoi p\u00ebr nj\u00eb nga fjal\u00ebt m\u00eb t\u00eb \u00e7uditshme t\u00eb tekstit, consectetur dhe duke par\u00eb citimet e fjal\u00ebs n\u00eb let\u00ebrsin\u00eb klasike zbuloi pa dyshim burimin. Lorem Ipsum vjen nga seksionet 1.10.32 dhe 1.10.33 t\u00eb &#8220;de Finibus Bonorum et Malorum&#8221; (Ekstremet e t\u00eb Mir\u00ebs e t\u00eb Keqes) nga Cicero, shkruar n\u00eb vitin 45 BC. Libri \u00ebsht\u00eb nj\u00eb traktat mbi teorine e etik\u00ebs, shum\u00eb i famsh\u00ebm gjat\u00eb Rilindjes. Rreshti i par\u00eb i Lorem Ipsum, &#8220;Lorem ipsum dolor sit amet..&#8221; vjen nga seksioni 1.10.32.<\/p>\n<p>Pjesa standarte e Lorem Ipsum e p\u00ebrdorur q\u00eb n\u00eb vitet 1500 riprodhohet m\u00eb posht\u00eb p\u00ebr t\u00eb interesuarit. Seksionet 1.10.32 dhe 1.10.33 t\u00eb &#8220;de Finibus Bonorum et Malorum&#8221; nga Cicero jan\u00eb gjithashtu t\u00eb riprodhuara n\u00eb form\u00ebn origjinale t\u00eb shoq\u00ebruara nga versionet e p\u00ebrkthyera n\u00eb anglisht t\u00eb vitit 1914 nga H. Rackham.<\/p>\n<p>Ndryshe nga mendimi popullor, Lorem Ipsum nuk \u00ebsht\u00eb tekst \u00e7far\u00ebdo. Rr\u00ebnj\u00ebt i ka n\u00eb nj\u00eb pjes\u00eb t\u00eb let\u00ebrsis\u00eb klasike Latine t\u00eb viteve 45 BC, duke e b\u00ebr\u00eb m\u00eb shum\u00eb se 2000 vjet t\u00eb lasht\u00eb. Richard McClintock, nj\u00eb profesor Latin ne Hampden-Sydney College n\u00eb Virginia, k\u00ebrkoi p\u00ebr nj\u00eb nga fjal\u00ebt m\u00eb t\u00eb \u00e7uditshme t\u00eb tekstit, consectetur dhe duke par\u00eb citimet e fjal\u00ebs n\u00eb let\u00ebrsin\u00eb klasike zbuloi pa dyshim burimin. Lorem Ipsum vjen nga seksionet 1.10.32 dhe 1.10.33 t\u00eb &#8220;de Finibus Bonorum et Malorum&#8221; (Ekstremet e t\u00eb Mir\u00ebs e t\u00eb Keqes) nga Cicero, shkruar n\u00eb vitin 45 BC. Libri \u00ebsht\u00eb nj\u00eb traktat mbi teorine e etik\u00ebs, shum\u00eb i famsh\u00ebm gjat\u00eb Rilindjes. Rreshti i par\u00eb i Lorem Ipsum, &#8220;Lorem ipsum dolor sit amet..&#8221; vjen nga seksioni 1.10.32.<\/p>\n<p>Pjesa standarte e Lorem Ipsum e p\u00ebrdorur q\u00eb n\u00eb vitet 1500 riprodhohet m\u00eb posht\u00eb p\u00ebr t\u00eb interesuarit. Seksionet 1.10.32 dhe 1.10.33 t\u00eb &#8220;de Finibus Bonorum et Malorum&#8221; nga Cicero jan\u00eb gjithashtu t\u00eb riprodhuara n\u00eb form\u00ebn origjinale t\u00eb shoq\u00ebruara nga versionet e p\u00ebrkthyera n\u00eb anglisht t\u00eb vitit 1914 nga H. Rackham.<\/p>\n","protected":false},"excerpt":{"rendered":"<p>Ndryshe nga mendimi popullor, Lorem Ipsum nuk \u00ebsht\u00eb tekst \u00e7far\u00ebdo. Rr\u00ebnj\u00ebt i ka n\u00eb nj\u00eb pjes\u00eb t\u00eb let\u00ebrsis\u00eb klasike Latine t\u00eb viteve 45 BC, duke e b\u00ebr\u00eb m\u00eb shum\u00eb se 2000 vjet t\u00eb lasht\u00eb. Richard McClintock, nj\u00eb profesor Latin ne Hampden-Sydney College n\u00eb Virginia, k\u00ebrkoi p\u00ebr nj\u00eb nga fjal\u00ebt m\u00eb t\u00eb \u00e7uditshme t\u00eb tekstit, consectetur&hellip;<\/p>\n","protected":false},"author":1,"featured_media":0,"parent":0,"menu_order":0,"comment_status":"closed","ping_status":"closed","template":"","meta":{"footnotes":""},"class_list":["post-313","page","type-page","status-publish","hentry"],"publishpress_future_action":{"enabled":false,"date":"2026-04-17 15:00:14","action":"change-status","newStatus":"draft","terms":[],"taxonomy":""},"_links":{"self":[{"href":"https:\/\/clintonanddolton.org\/dolton\/wp-json\/wp\/v2\/pages\/313","targetHints":{"allow":["GET"]}}],"collection":[{"href":"https:\/\/clintonanddolton.org\/dolton\/wp-json\/wp\/v2\/pages"}],"about":[{"href":"https:\/\/clintonanddolton.org\/dolton\/wp-json\/wp\/v2\/types\/page"}],"author":[{"embeddable":true,"href":"https:\/\/clintonanddolton.org\/dolton\/wp-json\/wp\/v2\/users\/1"}],"replies":[{"embeddable":true,"href":"https:\/\/clintonanddolton.org\/dolton\/wp-json\/wp\/v2\/comments?post=313"}],"version-history":[{"count":0,"href":"https:\/\/clintonanddolton.org\/dolton\/wp-json\/wp\/v2\/pages\/313\/revisions"}],"wp:attachment":[{"href":"https:\/\/clintonanddolton.org\/dolton\/wp-json\/wp\/v2\/media?parent=313"}],"curies":[{"name":"wp","href":"https:\/\/api.w.org\/{rel}","templated":true}]}}